{"id":330,"date":"2024-11-01T16:52:23","date_gmt":"2024-11-01T16:52:23","guid":{"rendered":"http:\/\/www.revivemasajes.com\/home\/?page_id=330"},"modified":"2024-12-01T13:02:33","modified_gmt":"2024-12-01T13:02:33","slug":"precios-masajes-sevilla","status":"publish","type":"page","link":"https:\/\/www.revivemasajes.com\/home\/precios-masajes-sevilla\/","title":{"rendered":"Precios Masajes Sevilla"},"content":{"rendered":"\n<p class=\"has-text-align-center has-medium-font-size\">Los precios de nuestros masajes en Sevilla apenas var\u00edan. Tanto duraci\u00f3n del masaje, tipo de masaje y el lugar del cuerpo donde se realice, <strong><strong>respetamos generalmente los precios de un tipo a otro de masaje.<\/strong><\/strong> Te mostramos un resumen de estas tarifas. As\u00ed puedes elegir la opci\u00f3n que mejor se adapte a tus necesidades y presupuesto. \u00a1Rel\u00e1jate, renueva y reVIVE!<\/p>\n\n\n\n<h2 class=\"wp-block-heading has-text-align-center\">Precios Masajes Sevilla<\/h2>\n\n\n\n<div class=\"wp-block-columns is-layout-flex wp-container-core-columns-is-layout-9d6595d7 wp-block-columns-is-layout-flex\">\n<div class=\"wp-block-column has-background is-layout-flow wp-block-column-is-layout-flow\" style=\"background-color:#9cbe9c\"><div class=\"wp-block-image is-style-default\">\n<figure class=\"aligncenter size-full\"><img loading=\"lazy\" decoding=\"async\" width=\"305\" height=\"171\" src=\"https:\/\/www.revivemasajes.com\/wp-content\/uploads\/2024\/10\/home-masaje-cuerpo-305171.webp\" alt=\"\" class=\"wp-image-540\" srcset=\"https:\/\/www.revivemasajes.com\/wp-content\/uploads\/2024\/10\/home-masaje-cuerpo-305171.webp 305w, https:\/\/www.revivemasajes.com\/wp-content\/uploads\/2024\/10\/home-masaje-cuerpo-305171-300x168.webp 300w\" sizes=\"auto, (max-width: 305px) 100vw, 305px\" \/><\/figure>\n<\/div>\n\n\n<h3 class=\"wp-block-heading has-text-align-center has-black-color has-text-color has-link-color wp-elements-766bb52cc9431e75df99780c1cb5dc1d\" style=\"font-size:24px\"><strong>Precios Masajes de Cuerpo Entero<\/strong>:<\/h3>\n\n\n\n<p class=\"has-text-align-center has-black-color has-text-color has-link-color wp-elements-39c959dc052ebdf513ecfb7012f391ca\">60 minutos: 45\u20ac<\/p>\n\n\n\n<p class=\"has-text-align-center has-black-color has-text-color has-link-color wp-elements-dd63a6003bf90a11e5cc9f71dc6e3a78\">90 minutos: 70\u20ac<\/p>\n\n\n\n<p class=\"has-text-align-center has-black-color has-text-color has-link-color wp-elements-34bab0d93ebda7fca52807434e68e4da\">120 minutos: 90\u20ac<\/p>\n\n\n\n<div class=\"wp-block-buttons is-content-justification-center is-layout-flex wp-container-core-buttons-is-layout-16018d1d wp-block-buttons-is-layout-flex\">\n<div class=\"wp-block-button is-style-outline is-style-outline--1\" style=\"letter-spacing:1.5px\"><a class=\"wp-block-button__link has-white-color has-text-color has-background has-link-color has-text-align-center wp-element-button\" href=\"https:\/\/www.revivemasajes.com\/reserva-masajes-sevilla\" style=\"border-radius:35px;background-color:#645d5d\">Reserva<\/a><\/div>\n<\/div>\n\n\n\n<div style=\"height:15px\" aria-hidden=\"true\" class=\"wp-block-spacer\"><\/div>\n<\/div>\n\n\n\n<div class=\"wp-block-column has-background is-layout-flow wp-block-column-is-layout-flow\" style=\"background-color:#9cbe9c\"><div class=\"wp-block-image is-style-default\">\n<figure class=\"aligncenter size-full\"><img loading=\"lazy\" decoding=\"async\" width=\"305\" height=\"171\" src=\"https:\/\/www.revivemasajes.com\/wp-content\/uploads\/2024\/09\/masaje-facial-sevilla.webp\" alt=\"\" class=\"wp-image-313\" srcset=\"https:\/\/www.revivemasajes.com\/wp-content\/uploads\/2024\/09\/masaje-facial-sevilla.webp 305w, https:\/\/www.revivemasajes.com\/wp-content\/uploads\/2024\/09\/masaje-facial-sevilla-300x168.webp 300w\" sizes=\"auto, (max-width: 305px) 100vw, 305px\" \/><\/figure>\n<\/div>\n\n\n<h3 class=\"wp-block-heading has-text-align-center has-black-color has-text-color has-link-color wp-elements-130f5d00b8307e31c1e61d53176e28ec\" style=\"font-size:24px\"><strong>Precios Masajes Faciales, Cabeza y Craneosacral<\/strong>:<\/h3>\n\n\n\n<p class=\"has-text-align-center has-black-color has-text-color has-link-color wp-elements-39c959dc052ebdf513ecfb7012f391ca\">60 minutos: 45\u20ac<\/p>\n\n\n\n<p class=\"has-text-align-center has-black-color has-text-color has-link-color wp-elements-dd63a6003bf90a11e5cc9f71dc6e3a78\">90 minutos: 70\u20ac<\/p>\n\n\n\n<p class=\"has-text-align-center has-black-color has-text-color has-link-color wp-elements-34bab0d93ebda7fca52807434e68e4da\">120 minutos: 90\u20ac<\/p>\n\n\n\n<div class=\"wp-block-buttons is-content-justification-center is-layout-flex wp-container-core-buttons-is-layout-16018d1d wp-block-buttons-is-layout-flex\">\n<div class=\"wp-block-button is-style-outline is-style-outline--2\" style=\"letter-spacing:1.5px\"><a class=\"wp-block-button__link has-white-color has-text-color has-background has-link-color has-text-align-center wp-element-button\" href=\"https:\/\/www.revivemasajes.com\/reserva-masajes-sevilla\" style=\"border-radius:35px;background-color:#645d5d\">Reserva<\/a><\/div>\n<\/div>\n\n\n\n<div style=\"height:15px\" aria-hidden=\"true\" class=\"wp-block-spacer\"><\/div>\n<\/div>\n\n\n\n<div class=\"wp-block-column has-background is-layout-flow wp-block-column-is-layout-flow\" style=\"background-color:#9cbe9c\"><div class=\"wp-block-image\">\n<figure class=\"aligncenter size-full\"><img loading=\"lazy\" decoding=\"async\" width=\"305\" height=\"171\" src=\"https:\/\/www.revivemasajes.com\/wp-content\/uploads\/2024\/09\/masajes-pies-piernas-sevilla.webp\" alt=\"\" class=\"wp-image-316\" srcset=\"https:\/\/www.revivemasajes.com\/wp-content\/uploads\/2024\/09\/masajes-pies-piernas-sevilla.webp 305w, https:\/\/www.revivemasajes.com\/wp-content\/uploads\/2024\/09\/masajes-pies-piernas-sevilla-300x168.webp 300w\" sizes=\"auto, (max-width: 305px) 100vw, 305px\" \/><\/figure>\n<\/div>\n\n\n<h3 class=\"wp-block-heading has-text-align-center has-black-color has-text-color has-link-color wp-elements-6e218cdcf26334d04776da25ebc02e89\" style=\"font-size:24px\"><strong>Precios Masajes de Pies<\/strong> <strong>y Piernas<\/strong>:<\/h3>\n\n\n\n<p class=\"has-text-align-center has-black-color has-text-color has-link-color wp-elements-39c959dc052ebdf513ecfb7012f391ca\">60 minutos: 45\u20ac<\/p>\n\n\n\n<p class=\"has-text-align-center has-black-color has-text-color has-link-color wp-elements-dd63a6003bf90a11e5cc9f71dc6e3a78\">90 minutos: 70\u20ac<\/p>\n\n\n\n<p class=\"has-text-align-center has-black-color has-text-color has-link-color wp-elements-34bab0d93ebda7fca52807434e68e4da\">120 minutos: 90\u20ac<\/p>\n\n\n\n<div class=\"wp-block-buttons is-content-justification-center is-layout-flex wp-container-core-buttons-is-layout-16018d1d wp-block-buttons-is-layout-flex\">\n<div class=\"wp-block-button is-style-outline is-style-outline--3\" style=\"letter-spacing:1.5px\"><a class=\"wp-block-button__link has-white-color has-text-color has-background has-link-color has-text-align-center wp-element-button\" href=\"https:\/\/www.revivemasajes.com\/reserva-masajes-sevilla\" style=\"border-radius:35px;background-color:#645d5d\">Reserva<\/a><\/div>\n<\/div>\n\n\n\n<div style=\"height:15px\" aria-hidden=\"true\" class=\"wp-block-spacer\"><\/div>\n<\/div>\n<\/div>\n\n\n\n<p class=\"has-text-align-center\">En nuestro centro de masajes ofrecemos una amplia variedad de servicios de masajes porque est\u00e1n dise\u00f1ados para <strong>relajarte, reducir tensiones y mejorar tu bienestar <\/strong>corporal y emocional. Es importante recalcar que los precios de los masajes pueden variar (seg\u00fan la duraci\u00f3n del masaje). <\/p>\n\n\n\n<p class=\"has-text-align-center\">Preg\u00fantanos directamente a nosotros para m\u00e1s detalles en el <strong><a href=\"https:\/\/www.revivemasajes.com\/reserva-masajes-sevilla\">link de nuestro formulario de contacto<\/a><\/strong>, as\u00ed podr\u00e1s obtener informaci\u00f3n actualizada sobre tarifas y disponibilidad.<\/p>\n\n\n\n<h2 class=\"wp-block-heading has-text-align-center\"><strong>Otros precios de Masajes en Sevilla<\/strong><\/h2>\n\n\n\n<ul class=\"wp-block-list\">\n<li><strong>Precio del Masaje relajante en Sevilla:<\/strong> se basa en repeticiones suaves y lentas acompa\u00f1adas de aceites naturales. Su precio var\u00eda desde 45\u20ac en una sesi\u00f3n de 60 minutos; 70\u20ac la sesi\u00f3n de una hora y 90\u20ac por dos horas de masaje.<\/li>\n<\/ul>\n\n\n\n<ul class=\"wp-block-list\">\n<li><strong>Precio del Masaje Relajante de Espalda y Cuello en Sevilla: <\/strong>reduce las molestias y aporta bienestar a las zonas m\u00e1s comunes de la espalda y el cuello, para una relajaci\u00f3n profunda. Las tarifas oscilan entre 45\u20ac en una sesi\u00f3n de 60 minutos; 70\u20ac la sesi\u00f3n de una hora y 90\u20ac por dos horas de masaje.<\/li>\n<\/ul>\n\n\n\n<ul class=\"wp-block-list\">\n<li><strong>Precio Masaje Deportivo en Sevilla: <\/strong>Ayuda a un r\u00e1pido reequilibrio del cuerpo, liberando \u00e1reas de tensi\u00f3n. El precio de los masajes deportivo var\u00eda, pero generalmente est\u00e1n en el rango de 45\u20ac a 90\u20ac por sesi\u00f3n.<\/li>\n<\/ul>\n\n\n\n<ul class=\"wp-block-list\">\n<li><strong>Precio Masaje profundo en Sevilla: <\/strong>consigue un cuidado integral con este masaje que abarca todo el cuerpo, para quienes buscan una desconexi\u00f3n total y la disminuci\u00f3n del estr\u00e9s. Tarifas ajustadas seg\u00fan la duraci\u00f3n del masaje. 45\u20ac en una sesi\u00f3n de 60 minutos; 70\u20ac la sesi\u00f3n de 90 minutos y 90\u20ac por 120 minutos.<\/li>\n<\/ul>\n\n\n\n<ul class=\"wp-block-list\">\n<li><strong>Precio Masaje personalizado: <\/strong>cu\u00e9ntanos que buscas, tus necesidades. El masaje personalizado se adapta el m\u00e1ximo posible a tus necesidades, para ofrecer una experiencia \u00fanica y hecha a medida. Las tarifas var\u00edan seg\u00fan el tiempo que elijas, comenzando en 60\u20ac por una sesi\u00f3n de hora completa; 80\u20ac por una hora y media y 100\u20ac por dos horas de tratamiento especializado.<\/li>\n<\/ul>\n\n\n\n<div class=\"wp-block-buttons is-content-justification-center is-layout-flex wp-container-core-buttons-is-layout-16018d1d wp-block-buttons-is-layout-flex\">\n<div class=\"wp-block-button has-custom-width wp-block-button__width-75\" style=\"letter-spacing:1.5px\"><a class=\"wp-block-button__link has-white-color has-text-color has-background has-link-color wp-element-button\" href=\"https:\/\/www.revivemasajes.com\/masajes-sevilla\" style=\"background-color:#9cbe9c\"><strong>Todos los masajes disponibles<\/strong><\/a><\/div>\n<\/div>\n\n\n\n<h2 class=\"wp-block-heading has-text-align-center\">Precios de Bonos y Bonos Regalo de Masajes<\/h2>\n\n\n\n<p class=\"has-text-align-center\">En reVIVE Masajes te ofrecemos la opci\u00f3n de regalar bonos de masaje, v\u00e1lidos por un a\u00f1o, lo que permite a la persona elegida disfrutar de la experiencia en el momento que desee.<\/p>\n\n\n\n<ul class=\"wp-block-list\">\n<li>Precio <strong>Bono Regalo de Masajes en Sevilla<\/strong>. 45\u20ac a escoger entre corporal, facial y pies\/piernas (una hora de duraci\u00f3n). Para otros masajes escr\u00edbenos por nuestro <a href=\"https:\/\/www.revivemasajes.com\/reserva-masajes-sevilla\">formulario<\/a>. Te contestamos lo antes posible. <\/li>\n<\/ul>\n\n\n\n<ul class=\"wp-block-list\">\n<li>Precio<strong> Bono de 5 sesiones de masajes<\/strong>: 200\u20ac, lo que te da un ahorro significativo si planeas recibir tratamientos regularmente. Este bono tiene validez de 6 meses desde que lo adquieres. <\/li>\n<\/ul>\n\n\n\n<h2 class=\"wp-block-heading has-text-align-center\">\u00bfD\u00f3nde est\u00e1 el centro de masajes reVIVE?<\/h2>\n\n\n\n<p class=\"has-text-align-center has-medium-font-size\">A un corto paseo de la estaci\u00f3n de tren de Santa Justa.<\/p>\n\n\n<p><iframe src=\"https:\/\/www.google.com\/maps\/embed?pb=!1m18!1m12!1m3!1d3169.969846345741!2d-5.981180024134404!3d37.39054537208473!2m3!1f0!2f0!3f0!3m2!1i1024!2i768!4f13.1!3m3!1m2!1s0xd126f64889b4d6b%3A0x921b818005689dfc!2sreVIVE%20Masajes%20Sevilla!5e0!3m2!1ses!2ses!4v1720285885399!5m2!1ses!2ses\" width=\"600\" height=\"450\" style=\"border:0;\" allowfullscreen=\"\" loading=\"lazy\" referrerpolicy=\"no-referrer-when-downgrade\"><\/iframe><\/p>\n\n\n\n<div class=\"wp-block-buttons is-content-justification-center is-layout-flex wp-container-core-buttons-is-layout-16018d1d wp-block-buttons-is-layout-flex\">\n<div class=\"wp-block-button has-custom-width wp-block-button__width-50 is-style-fill\"><a class=\"wp-block-button__link has-white-color has-text-color has-background has-link-color wp-element-button\" href=\"https:\/\/www.revivemasajes.com\/masajes-sevilla\" style=\"background-color:#9cbe9c\">Masajes<\/a><\/div>\n\n\n\n<div class=\"wp-block-button has-custom-width wp-block-button__width-50 is-style-outline is-style-outline--4\" style=\"letter-spacing:1.5px\"><a class=\"wp-block-button__link has-white-color has-text-color has-background has-link-color has-text-align-center wp-element-button\" href=\"https:\/\/www.revivemasajes.com\/reserva-masajes-sevilla\" style=\"border-radius:35px;background-color:#9cbe9c\">Reserva<\/a><\/div>\n<\/div>\n\n\n\n<p><\/p>\n","protected":false},"excerpt":{"rendered":"<p>Los precios de nuestros masajes en Sevilla apenas var\u00edan. Tanto duraci\u00f3n del masaje, tipo de masaje y el lugar del cuerpo donde se realice, respetamos generalmente los precios de un &hellip; <\/p>\n","protected":false},"author":2,"featured_media":675,"parent":0,"menu_order":0,"comment_status":"closed","ping_status":"open","template":"","meta":{"footnotes":""},"class_list":["post-330","page","type-page","status-publish","has-post-thumbnail","hentry"],"yoast_head":"<!-- This site is optimized with the Yoast SEO plugin v27.4 - https:\/\/yoast.com\/product\/yoast-seo-wordpress\/ -->\n<title>Precios Masajes Sevilla. | reVIVE Masajes Sevilla<\/title>\n<meta name=\"description\" content=\"Descubre precios de masajes en Sevilla. Relajaci\u00f3n, reducci\u00f3n de tensiones y mejora de tu bienestar corporal y emocional. Bono disponible.\" \/>\n<meta name=\"robots\" content=\"index, follow, max-snippet:-1, max-image-preview:large, max-video-preview:-1\" \/>\n<link rel=\"canonical\" href=\"https:\/\/www.revivemasajes.com\/home\/precios-masajes-sevilla\/\" \/>\n<meta property=\"og:locale\" content=\"es_ES\" \/>\n<meta property=\"og:type\" content=\"article\" \/>\n<meta property=\"og:title\" content=\"Precios Masajes Sevilla. | reVIVE Masajes Sevilla\" \/>\n<meta property=\"og:description\" content=\"Descubre precios de masajes en Sevilla. Relajaci\u00f3n, reducci\u00f3n de tensiones y mejora de tu bienestar corporal y emocional. Bono disponible.\" \/>\n<meta property=\"og:url\" content=\"https:\/\/www.revivemasajes.com\/home\/precios-masajes-sevilla\/\" \/>\n<meta property=\"og:site_name\" content=\"reVIVE Masajes Sevilla\" \/>\n<meta property=\"article:modified_time\" content=\"2024-12-01T13:02:33+00:00\" \/>\n<meta property=\"og:image\" content=\"https:\/\/www.revivemasajes.com\/wp-content\/uploads\/2024\/11\/precios-masajes-sevilla.png\" \/>\n\t<meta property=\"og:image:width\" content=\"1920\" \/>\n\t<meta property=\"og:image:height\" content=\"497\" \/>\n\t<meta property=\"og:image:type\" content=\"image\/png\" \/>\n<meta name=\"twitter:card\" content=\"summary_large_image\" \/>\n<meta name=\"twitter:label1\" content=\"Tiempo de lectura\" \/>\n\t<meta name=\"twitter:data1\" content=\"4 minutos\" \/>\n<script type=\"application\/ld+json\" class=\"yoast-schema-graph\">{\"@context\":\"https:\\\/\\\/schema.org\",\"@graph\":[{\"@type\":\"WebPage\",\"@id\":\"https:\\\/\\\/www.revivemasajes.com\\\/home\\\/precios-masajes-sevilla\\\/\",\"url\":\"https:\\\/\\\/www.revivemasajes.com\\\/home\\\/precios-masajes-sevilla\\\/\",\"name\":\"Precios Masajes Sevilla. | reVIVE Masajes Sevilla\",\"isPartOf\":{\"@id\":\"https:\\\/\\\/www.revivemasajes.com\\\/home\\\/#website\"},\"primaryImageOfPage\":{\"@id\":\"https:\\\/\\\/www.revivemasajes.com\\\/home\\\/precios-masajes-sevilla\\\/#primaryimage\"},\"image\":{\"@id\":\"https:\\\/\\\/www.revivemasajes.com\\\/home\\\/precios-masajes-sevilla\\\/#primaryimage\"},\"thumbnailUrl\":\"https:\\\/\\\/www.revivemasajes.com\\\/wp-content\\\/uploads\\\/2024\\\/11\\\/precios-masajes-sevilla.png\",\"datePublished\":\"2024-11-01T16:52:23+00:00\",\"dateModified\":\"2024-12-01T13:02:33+00:00\",\"description\":\"Descubre precios de masajes en Sevilla. Relajaci\u00f3n, reducci\u00f3n de tensiones y mejora de tu bienestar corporal y emocional. Bono disponible.\",\"breadcrumb\":{\"@id\":\"https:\\\/\\\/www.revivemasajes.com\\\/home\\\/precios-masajes-sevilla\\\/#breadcrumb\"},\"inLanguage\":\"es\",\"potentialAction\":[{\"@type\":\"ReadAction\",\"target\":[\"https:\\\/\\\/www.revivemasajes.com\\\/home\\\/precios-masajes-sevilla\\\/\"]}]},{\"@type\":\"ImageObject\",\"inLanguage\":\"es\",\"@id\":\"https:\\\/\\\/www.revivemasajes.com\\\/home\\\/precios-masajes-sevilla\\\/#primaryimage\",\"url\":\"https:\\\/\\\/www.revivemasajes.com\\\/wp-content\\\/uploads\\\/2024\\\/11\\\/precios-masajes-sevilla.png\",\"contentUrl\":\"https:\\\/\\\/www.revivemasajes.com\\\/wp-content\\\/uploads\\\/2024\\\/11\\\/precios-masajes-sevilla.png\",\"width\":1920,\"height\":497,\"caption\":\"Precios Masajes Sevilla.\"},{\"@type\":\"BreadcrumbList\",\"@id\":\"https:\\\/\\\/www.revivemasajes.com\\\/home\\\/precios-masajes-sevilla\\\/#breadcrumb\",\"itemListElement\":[{\"@type\":\"ListItem\",\"position\":1,\"name\":\"Portada\",\"item\":\"https:\\\/\\\/www.revivemasajes.com\\\/home\\\/\"},{\"@type\":\"ListItem\",\"position\":2,\"name\":\"Precios Masajes Sevilla\"}]},{\"@type\":\"WebSite\",\"@id\":\"https:\\\/\\\/www.revivemasajes.com\\\/home\\\/#website\",\"url\":\"https:\\\/\\\/www.revivemasajes.com\\\/home\\\/\",\"name\":\"reVIVE Masajes Sevilla\",\"description\":\"Descanso y relajaci\u00f3n\",\"publisher\":{\"@id\":\"https:\\\/\\\/www.revivemasajes.com\\\/home\\\/#organization\"},\"potentialAction\":[{\"@type\":\"SearchAction\",\"target\":{\"@type\":\"EntryPoint\",\"urlTemplate\":\"https:\\\/\\\/www.revivemasajes.com\\\/home\\\/?s={search_term_string}\"},\"query-input\":{\"@type\":\"PropertyValueSpecification\",\"valueRequired\":true,\"valueName\":\"search_term_string\"}}],\"inLanguage\":\"es\"},{\"@type\":\"Organization\",\"@id\":\"https:\\\/\\\/www.revivemasajes.com\\\/home\\\/#organization\",\"name\":\"reVIVE Masajes Sevilla\",\"url\":\"https:\\\/\\\/www.revivemasajes.com\\\/home\\\/\",\"logo\":{\"@type\":\"ImageObject\",\"inLanguage\":\"es\",\"@id\":\"https:\\\/\\\/www.revivemasajes.com\\\/home\\\/#\\\/schema\\\/logo\\\/image\\\/\",\"url\":\"https:\\\/\\\/www.revivemasajes.com\\\/wp-content\\\/uploads\\\/2024\\\/06\\\/cropped-logo-revive.webp\",\"contentUrl\":\"https:\\\/\\\/www.revivemasajes.com\\\/wp-content\\\/uploads\\\/2024\\\/06\\\/cropped-logo-revive.webp\",\"width\":512,\"height\":512,\"caption\":\"reVIVE Masajes Sevilla\"},\"image\":{\"@id\":\"https:\\\/\\\/www.revivemasajes.com\\\/home\\\/#\\\/schema\\\/logo\\\/image\\\/\"}}]}<\/script>\n<!-- \/ Yoast SEO plugin. -->","yoast_head_json":{"title":"Precios Masajes Sevilla. | reVIVE Masajes Sevilla","description":"Descubre precios de masajes en Sevilla. Relajaci\u00f3n, reducci\u00f3n de tensiones y mejora de tu bienestar corporal y emocional. Bono disponible.","robots":{"index":"index","follow":"follow","max-snippet":"max-snippet:-1","max-image-preview":"max-image-preview:large","max-video-preview":"max-video-preview:-1"},"canonical":"https:\/\/www.revivemasajes.com\/home\/precios-masajes-sevilla\/","og_locale":"es_ES","og_type":"article","og_title":"Precios Masajes Sevilla. | reVIVE Masajes Sevilla","og_description":"Descubre precios de masajes en Sevilla. Relajaci\u00f3n, reducci\u00f3n de tensiones y mejora de tu bienestar corporal y emocional. Bono disponible.","og_url":"https:\/\/www.revivemasajes.com\/home\/precios-masajes-sevilla\/","og_site_name":"reVIVE Masajes Sevilla","article_modified_time":"2024-12-01T13:02:33+00:00","og_image":[{"width":1920,"height":497,"url":"https:\/\/www.revivemasajes.com\/wp-content\/uploads\/2024\/11\/precios-masajes-sevilla.png","type":"image\/png"}],"twitter_card":"summary_large_image","twitter_misc":{"Tiempo de lectura":"4 minutos"},"schema":{"@context":"https:\/\/schema.org","@graph":[{"@type":"WebPage","@id":"https:\/\/www.revivemasajes.com\/home\/precios-masajes-sevilla\/","url":"https:\/\/www.revivemasajes.com\/home\/precios-masajes-sevilla\/","name":"Precios Masajes Sevilla. | reVIVE Masajes Sevilla","isPartOf":{"@id":"https:\/\/www.revivemasajes.com\/home\/#website"},"primaryImageOfPage":{"@id":"https:\/\/www.revivemasajes.com\/home\/precios-masajes-sevilla\/#primaryimage"},"image":{"@id":"https:\/\/www.revivemasajes.com\/home\/precios-masajes-sevilla\/#primaryimage"},"thumbnailUrl":"https:\/\/www.revivemasajes.com\/wp-content\/uploads\/2024\/11\/precios-masajes-sevilla.png","datePublished":"2024-11-01T16:52:23+00:00","dateModified":"2024-12-01T13:02:33+00:00","description":"Descubre precios de masajes en Sevilla. Relajaci\u00f3n, reducci\u00f3n de tensiones y mejora de tu bienestar corporal y emocional. Bono disponible.","breadcrumb":{"@id":"https:\/\/www.revivemasajes.com\/home\/precios-masajes-sevilla\/#breadcrumb"},"inLanguage":"es","potentialAction":[{"@type":"ReadAction","target":["https:\/\/www.revivemasajes.com\/home\/precios-masajes-sevilla\/"]}]},{"@type":"ImageObject","inLanguage":"es","@id":"https:\/\/www.revivemasajes.com\/home\/precios-masajes-sevilla\/#primaryimage","url":"https:\/\/www.revivemasajes.com\/wp-content\/uploads\/2024\/11\/precios-masajes-sevilla.png","contentUrl":"https:\/\/www.revivemasajes.com\/wp-content\/uploads\/2024\/11\/precios-masajes-sevilla.png","width":1920,"height":497,"caption":"Precios Masajes Sevilla."},{"@type":"BreadcrumbList","@id":"https:\/\/www.revivemasajes.com\/home\/precios-masajes-sevilla\/#breadcrumb","itemListElement":[{"@type":"ListItem","position":1,"name":"Portada","item":"https:\/\/www.revivemasajes.com\/home\/"},{"@type":"ListItem","position":2,"name":"Precios Masajes Sevilla"}]},{"@type":"WebSite","@id":"https:\/\/www.revivemasajes.com\/home\/#website","url":"https:\/\/www.revivemasajes.com\/home\/","name":"reVIVE Masajes Sevilla","description":"Descanso y relajaci\u00f3n","publisher":{"@id":"https:\/\/www.revivemasajes.com\/home\/#organization"},"potentialAction":[{"@type":"SearchAction","target":{"@type":"EntryPoint","urlTemplate":"https:\/\/www.revivemasajes.com\/home\/?s={search_term_string}"},"query-input":{"@type":"PropertyValueSpecification","valueRequired":true,"valueName":"search_term_string"}}],"inLanguage":"es"},{"@type":"Organization","@id":"https:\/\/www.revivemasajes.com\/home\/#organization","name":"reVIVE Masajes Sevilla","url":"https:\/\/www.revivemasajes.com\/home\/","logo":{"@type":"ImageObject","inLanguage":"es","@id":"https:\/\/www.revivemasajes.com\/home\/#\/schema\/logo\/image\/","url":"https:\/\/www.revivemasajes.com\/wp-content\/uploads\/2024\/06\/cropped-logo-revive.webp","contentUrl":"https:\/\/www.revivemasajes.com\/wp-content\/uploads\/2024\/06\/cropped-logo-revive.webp","width":512,"height":512,"caption":"reVIVE Masajes Sevilla"},"image":{"@id":"https:\/\/www.revivemasajes.com\/home\/#\/schema\/logo\/image\/"}}]}},"_links":{"self":[{"href":"https:\/\/www.revivemasajes.com\/home\/wp-json\/wp\/v2\/pages\/330","targetHints":{"allow":["GET"]}}],"collection":[{"href":"https:\/\/www.revivemasajes.com\/home\/wp-json\/wp\/v2\/pages"}],"about":[{"href":"https:\/\/www.revivemasajes.com\/home\/wp-json\/wp\/v2\/types\/page"}],"author":[{"embeddable":true,"href":"https:\/\/www.revivemasajes.com\/home\/wp-json\/wp\/v2\/users\/2"}],"replies":[{"embeddable":true,"href":"https:\/\/www.revivemasajes.com\/home\/wp-json\/wp\/v2\/comments?post=330"}],"version-history":[{"count":49,"href":"https:\/\/www.revivemasajes.com\/home\/wp-json\/wp\/v2\/pages\/330\/revisions"}],"predecessor-version":[{"id":836,"href":"https:\/\/www.revivemasajes.com\/home\/wp-json\/wp\/v2\/pages\/330\/revisions\/836"}],"wp:featuredmedia":[{"embeddable":true,"href":"https:\/\/www.revivemasajes.com\/home\/wp-json\/wp\/v2\/media\/675"}],"wp:attachment":[{"href":"https:\/\/www.revivemasajes.com\/home\/wp-json\/wp\/v2\/media?parent=330"}],"curies":[{"name":"wp","href":"https:\/\/api.w.org\/{rel}","templated":true}]}}