{"id":634,"date":"2024-11-01T18:59:03","date_gmt":"2024-11-01T18:59:03","guid":{"rendered":"http:\/\/www.revivemasajes.com\/home\/?page_id=634"},"modified":"2024-11-01T20:14:39","modified_gmt":"2024-11-01T20:14:39","slug":"masaje-pies-sevilla","status":"publish","type":"page","link":"https:\/\/www.revivemasajes.com\/home\/masaje-pies-sevilla\/","title":{"rendered":"Masaje Pies Sevilla"},"content":{"rendered":"\n<div class=\"wp-block-media-text alignwide is-stacked-on-mobile is-vertically-aligned-center has-background\" style=\"background-color:#9cbe9c;grid-template-columns:60% auto\"><figure class=\"wp-block-media-text__media\"><img loading=\"lazy\" decoding=\"async\" width=\"305\" height=\"171\" src=\"https:\/\/www.revivemasajes.com\/wp-content\/uploads\/2024\/09\/masajes-pies-piernas-sevilla.webp\" alt=\"Masajes para piernas y pies en Sevilla.\" class=\"wp-image-316 size-full\" srcset=\"https:\/\/www.revivemasajes.com\/wp-content\/uploads\/2024\/09\/masajes-pies-piernas-sevilla.webp 305w, https:\/\/www.revivemasajes.com\/wp-content\/uploads\/2024\/09\/masajes-pies-piernas-sevilla-300x168.webp 300w\" sizes=\"auto, (max-width: 305px) 100vw, 305px\" \/><\/figure><div class=\"wp-block-media-text__content\">\n<div class=\"wp-block-group has-white-background-color has-background\" style=\"padding-top:2em;padding-right:2em;padding-bottom:2em;padding-left:2em\"><div class=\"wp-block-group__inner-container is-layout-flow wp-block-group-is-layout-flow\">\n<h2 class=\"wp-block-heading has-text-align-center\" style=\"font-size:26px\"><strong>Masaje Pies Sevilla<\/strong><\/h2>\n\n\n\n<p class=\"has-text-align-center\"> 45\u20ac &nbsp;|&nbsp;<img loading=\"lazy\" decoding=\"async\" width=\"17\" height=\"24\" src=\"https:\/\/www.mylittlemomo.es\/wp-content\/uploads\/2022\/06\/icono-de-reloj1-1.jpg\" alt=\"icono de reloj\">&nbsp;60&nbsp;min<\/p>\n\n\n\n<p class=\"has-text-align-center\"> 70\u20ac &nbsp;|&nbsp;<img loading=\"lazy\" decoding=\"async\" width=\"17\" height=\"24\" src=\"https:\/\/www.mylittlemomo.es\/wp-content\/uploads\/2022\/06\/icono-de-reloj1-1.jpg\" alt=\"icono de reloj\">&nbsp;90 min<\/p>\n\n\n\n<p class=\"has-text-align-center\"> 90\u20ac &nbsp;|&nbsp;<img loading=\"lazy\" decoding=\"async\" width=\"17\" height=\"24\" src=\"https:\/\/www.mylittlemomo.es\/wp-content\/uploads\/2022\/06\/icono-de-reloj1-1.jpg\" alt=\"icono de reloj\">&nbsp;120 min<\/p>\n<\/div><\/div>\n<\/div><\/div>\n\n\n\n<div style=\"height:30px\" aria-hidden=\"true\" class=\"wp-block-spacer\"><\/div>\n\n\n\n<p class=\"has-text-align-center\">\u00bfTe gustar\u00eda experimentar un masaje de pies y piernas en Sevilla que combine relajaci\u00f3n y bienestar? Nuestro servicio especializado en masajes de pies en Sevilla est\u00e1 dise\u00f1ado para <strong>mitigar el cansancio de las extremidades inferiores<\/strong> y proporcionarte una <strong>sensaci\u00f3n de descanso profunda<\/strong> y revitalizante.<\/p>\n\n\n\n<h2 class=\"wp-block-heading has-text-align-center\">Masajes Pies Sevilla: el cuidado que tus pies merecen<\/h2>\n\n\n\n<p class=\"has-text-align-center\">Ofrecemos un servicio completo de masaje de pies en Sevilla, que incluye t\u00e9cnicas de <strong>reflexolog\u00eda podal y masaje de piernas<\/strong>. Este tratamiento no solo proporciona descanso f\u00edsico, sino que tambi\u00e9n <strong>mejora la circulaci\u00f3n y amaina tensiones acumuladas en las piernas y pies<\/strong>. Es una experiencia ideal para quienes desean cuidar sus pies y experimentar una relajaci\u00f3n profunda, todo ello en un ambiente dise\u00f1ado para tu m\u00e1xima comodidad.<\/p>\n\n\n\n<div class=\"wp-block-buttons is-content-justification-center is-layout-flex wp-container-core-buttons-is-layout-16018d1d wp-block-buttons-is-layout-flex\">\n<div class=\"wp-block-button has-custom-width wp-block-button__width-50 is-style-fill\" style=\"letter-spacing:1.5px\"><a class=\"wp-block-button__link has-white-color has-text-color has-background has-link-color wp-element-button\" href=\"https:\/\/www.revivemasajes.com\/reserva-masajes-sevilla\" style=\"border-radius:35px;background-color:#9cbe9c\">Reserva<\/a><\/div>\n<\/div>\n\n\n\n<h2 class=\"wp-block-heading has-text-align-center\">\u00bfQu\u00e9 es el masaje de pies?<\/h2>\n\n\n\n<p class=\"has-text-align-center\">Es un tratamiento especializado que se centra en los pies y, opcionalmente, en las piernas, ofreciendo una experiencia completa de relajaci\u00f3n y bienestar. Los masajes de pies y piernas <strong>combinan t\u00e9cnicas de reflexolog\u00eda podal<\/strong>, un m\u00e9todo que <strong>estimula puntos espec\u00edficos en los pies para equilibrar el cuerpo y reducir tensiones acumuladas.<\/strong><\/p>\n\n\n\n<h2 class=\"wp-block-heading has-text-align-center\">Este masaje es ideal&#8230;<\/h2>\n\n\n\n<p class=\"has-text-align-center\">Si buscas aliviar la tensi\u00f3n acumulada en pies y piernas. Es perfecto para <strong>personas con problemas de circulaci\u00f3n, pies cansados o quienes simplemente desean experimentar una sensaci\u00f3n de desahogo y descanso profundo<\/strong>. Nuestro equipo de masajistas en Sevilla est\u00e1 comprometido en ofrecerte una experiencia que revitalice tus pies y mejore tu bienestar general.<\/p>\n\n\n\n<h2 class=\"wp-block-heading has-text-align-center\">\u00bfQu\u00e9 incluye el masaje de pies y piernas?<\/h2>\n\n\n\n<div class=\"wp-block-media-text alignwide has-media-on-the-right is-stacked-on-mobile is-vertically-aligned-center has-white-color has-text-color has-background has-link-color wp-elements-838224f655d8c14a288065332ba148ab\" style=\"background-color:#9cbe9c;grid-template-columns:auto 30%\"><div class=\"wp-block-media-text__content\">\n<div class=\"wp-block-group\" style=\"padding-top:2em;padding-right:2em;padding-bottom:2em;padding-left:2em\"><div class=\"wp-block-group__inner-container is-layout-flow wp-block-group-is-layout-flow\">\n<p style=\"font-size:18px\"><strong>1.- Masaje manual especializado en pies y piernas<\/strong>.<\/p>\n\n\n\n<p style=\"font-size:18px\"><strong>2.- Ambiente relajante, con m\u00fasica suave y aromas naturales para potenciar el efecto de relajaci\u00f3n<\/strong>.<\/p>\n\n\n\n<p style=\"font-size:18px\"><strong>3.- Uso de aceites esenciales para mejorar la experiencia de masaje.<\/strong><\/p>\n<\/div><\/div>\n<\/div><figure class=\"wp-block-media-text__media\"><img loading=\"lazy\" decoding=\"async\" width=\"511\" height=\"477\" src=\"https:\/\/www.revivemasajes.com\/wp-content\/uploads\/2024\/07\/revive-masajes-sevilla-sala-toallas.webp\" alt=\"\" class=\"wp-image-72 size-full\" srcset=\"https:\/\/www.revivemasajes.com\/wp-content\/uploads\/2024\/07\/revive-masajes-sevilla-sala-toallas.webp 511w, https:\/\/www.revivemasajes.com\/wp-content\/uploads\/2024\/07\/revive-masajes-sevilla-sala-toallas-300x280.webp 300w\" sizes=\"auto, (max-width: 511px) 100vw, 511px\" \/><\/figure><\/div>\n\n\n\n<div style=\"height:30px\" aria-hidden=\"true\" class=\"wp-block-spacer\"><\/div>\n\n\n\n<p class=\"has-text-align-center\">Ubicados en una zona c\u00e9ntrica de Sevilla, nuestro centro de masajes cuenta con un equipo de profesionales dedicados a proporcionar el mejor servicio de masajes de pies y piernas. Si est\u00e1s buscando un tratamiento que combine calma y bienestar, \u00a1<strong><a href=\"https:\/\/www.revivemasajes.com\/reserva-masajes-sevilla\">reserva tu sesi\u00f3n de masaje de pies<\/a><\/strong> y descubre la diferencia en tu bienestar diario!<\/p>\n\n\n\n<h2 class=\"wp-block-heading has-text-align-center\">\u00bfCu\u00e1les son los beneficios del masaje de pies?<\/h2>\n\n\n\n<ul class=\"wp-block-list\">\n<li><strong>Mejora de la circulaci\u00f3n<\/strong>: Ayuda a mejorar el flujo sangu\u00edneo en pies y piernas, lo que contribuye a la oxigenaci\u00f3n y a reducir la fatiga muscular.<\/li>\n<\/ul>\n\n\n\n<ul class=\"wp-block-list\">\n<li><strong><strong>Reducci\u00f3n del estr\u00e9s y tensiones<\/strong><\/strong>: Las t\u00e9cnicas de reflexolog\u00eda podal y masaje de pies promueven un estado de calma y relajaci\u00f3n, lo que reduce la ansiedad y reduce el cansancio acumulado.<\/li>\n<\/ul>\n\n\n\n<ul class=\"wp-block-list\">\n<li><strong>Disminuci\u00f3n <strong>de molestias en pies y piernas<\/strong><\/strong>: Es ideal para quienes pasan mucho tiempo de pie, ya que contribuye a reducir el cansancio en los pies y las piernas, promoviendo un bienestar integral.<\/li>\n<\/ul>\n\n\n\n<p class=\"has-text-align-center\">Este tratamiento no solo te brinda una <strong>calma profunda en pies <\/strong>y piernas, dej\u00e1ndolos m\u00e1s ligeros y rejuvenecidos, sino que tambi\u00e9n promueve un <strong>estado de equilibrio y bienestar <\/strong>en todo tu organismo.<\/p>\n\n\n\n<blockquote class=\"wp-block-quote has-text-align-right is-style-default is-layout-flow wp-block-quote-is-layout-flow\">\n<p class=\"has-text-align-center\">&nbsp;Sobre la reflexolog\u00eda: \u00abun sistema de aplicaci\u00f3n de presi\u00f3n, generalmente a los pies, cuyos practicantes creen estimula la energ\u00eda y libera &#8216;bloqueos&#8217; en \u00e1reas espec\u00edficas que causan dolor o enfermedades.\u00bb<\/p>\n<cite>\u2014 (<a href=\"https:\/\/web.archive.org\/web\/20160626024750\/http:\/\/www.health.gov.au\/internet\/main\/publishing.nsf\/Content\/0E9129B3574FCA53CA257BF0001ACD11\/$File\/Natural%20Therapies%20Overview%20Report%20Final%20with%20copyright%2011%20March.pdf\" target=\"_blank\" rel=\"noreferrer noopener nofollow\">Departamento de Salud del&nbsp;Gobierno de Australia<\/a>)\u200b<\/cite><\/blockquote>\n\n\n\n<div style=\"height:20px\" aria-hidden=\"true\" class=\"wp-block-spacer\"><\/div>\n\n\n\n<h2 class=\"wp-block-heading has-text-align-center\">Reserva tu masaje<\/h2>\n\n\n\n<p class=\"has-text-align-center\">Disfruta de un momento de cuidado integral para tus pies y piernas. Ofrecemos sesiones que pueden adaptarse a tus necesidades espec\u00edficas. El precio del masaje var\u00eda seg\u00fan la duraci\u00f3n, comenzando <strong>desde 45\u20ac<\/strong> (una hora). Reserva ahora tu cita y dale a tus pies el descanso que merecen.<\/p>\n\n\n\n<div class=\"wp-block-columns is-layout-flex wp-container-core-columns-is-layout-9d6595d7 wp-block-columns-is-layout-flex\">\n<div class=\"wp-block-column is-layout-flow wp-block-column-is-layout-flow\">\n<div class=\"wp-block-buttons is-content-justification-center is-layout-flex wp-container-core-buttons-is-layout-16018d1d wp-block-buttons-is-layout-flex\">\n<div class=\"wp-block-button has-custom-width wp-block-button__width-50 is-style-fill\" style=\"letter-spacing:1.5px\"><a class=\"wp-block-button__link has-white-color has-text-color has-background has-link-color wp-element-button\" href=\"https:\/\/www.revivemasajes.com\/masajes-sevilla\" style=\"border-radius:35px;background-color:#9cbe9c\">Otros Masajes<\/a><\/div>\n\n\n\n<div class=\"wp-block-button has-custom-width wp-block-button__width-50\" style=\"letter-spacing:1.5px\"><a class=\"wp-block-button__link has-white-color has-text-color has-background has-link-color wp-element-button\" href=\"https:\/\/www.revivemasajes.com\/reserva-masajes-sevilla\" style=\"border-radius:35px;background-color:#9cbe9c\">Reserva<\/a><\/div>\n<\/div>\n<\/div>\n<\/div>\n","protected":false},"excerpt":{"rendered":"<p>\u00bfTe gustar\u00eda experimentar un masaje de pies y piernas en Sevilla que combine relajaci\u00f3n y bienestar? Nuestro servicio especializado en masajes de pies en Sevilla est\u00e1 dise\u00f1ado para mitigar el &hellip; <\/p>\n","protected":false},"author":2,"featured_media":667,"parent":0,"menu_order":0,"comment_status":"closed","ping_status":"closed","template":"","meta":{"footnotes":""},"class_list":["post-634","page","type-page","status-publish","has-post-thumbnail","hentry"],"yoast_head":"<!-- This site is optimized with the Yoast SEO plugin v27.3 - https:\/\/yoast.com\/product\/yoast-seo-wordpress\/ -->\n<title>Masaje de Pies en Sevilla | reVIVE Masajes<\/title>\n<meta name=\"description\" content=\"Masaje Pies Sevilla: Prueba la reflexolog\u00eda podal para equilibrar el cuerpo y reducir tensiones acumuladas en pies y piernas. Reserva tu cita.\" \/>\n<meta name=\"robots\" content=\"index, follow, max-snippet:-1, max-image-preview:large, max-video-preview:-1\" \/>\n<link rel=\"canonical\" href=\"https:\/\/www.revivemasajes.com\/home\/masaje-pies-sevilla\/\" \/>\n<meta property=\"og:locale\" content=\"es_ES\" \/>\n<meta property=\"og:type\" content=\"article\" \/>\n<meta property=\"og:title\" content=\"Masaje de Pies en Sevilla | reVIVE Masajes\" \/>\n<meta property=\"og:description\" content=\"Masaje Pies Sevilla: Prueba la reflexolog\u00eda podal para equilibrar el cuerpo y reducir tensiones acumuladas en pies y piernas. Reserva tu cita.\" \/>\n<meta property=\"og:url\" content=\"https:\/\/www.revivemasajes.com\/home\/masaje-pies-sevilla\/\" \/>\n<meta property=\"og:site_name\" content=\"reVIVE Masajes Sevilla\" \/>\n<meta property=\"article:modified_time\" content=\"2024-11-01T20:14:39+00:00\" \/>\n<meta property=\"og:image\" content=\"https:\/\/www.revivemasajes.com\/wp-content\/uploads\/2024\/11\/masaje-pies-sevilla.webp\" \/>\n\t<meta property=\"og:image:width\" content=\"1920\" \/>\n\t<meta property=\"og:image:height\" content=\"497\" \/>\n\t<meta property=\"og:image:type\" content=\"image\/webp\" \/>\n<meta name=\"twitter:card\" content=\"summary_large_image\" \/>\n<meta name=\"twitter:label1\" content=\"Tiempo de lectura\" \/>\n\t<meta name=\"twitter:data1\" content=\"4 minutos\" \/>\n<script type=\"application\/ld+json\" class=\"yoast-schema-graph\">{\"@context\":\"https:\\\/\\\/schema.org\",\"@graph\":[{\"@type\":\"WebPage\",\"@id\":\"https:\\\/\\\/www.revivemasajes.com\\\/home\\\/masaje-pies-sevilla\\\/\",\"url\":\"https:\\\/\\\/www.revivemasajes.com\\\/home\\\/masaje-pies-sevilla\\\/\",\"name\":\"Masaje de Pies en Sevilla | reVIVE Masajes\",\"isPartOf\":{\"@id\":\"https:\\\/\\\/www.revivemasajes.com\\\/home\\\/#website\"},\"primaryImageOfPage\":{\"@id\":\"https:\\\/\\\/www.revivemasajes.com\\\/home\\\/masaje-pies-sevilla\\\/#primaryimage\"},\"image\":{\"@id\":\"https:\\\/\\\/www.revivemasajes.com\\\/home\\\/masaje-pies-sevilla\\\/#primaryimage\"},\"thumbnailUrl\":\"https:\\\/\\\/www.revivemasajes.com\\\/wp-content\\\/uploads\\\/2024\\\/11\\\/masaje-pies-sevilla.webp\",\"datePublished\":\"2024-11-01T18:59:03+00:00\",\"dateModified\":\"2024-11-01T20:14:39+00:00\",\"description\":\"Masaje Pies Sevilla: Prueba la reflexolog\u00eda podal para equilibrar el cuerpo y reducir tensiones acumuladas en pies y piernas. Reserva tu cita.\",\"breadcrumb\":{\"@id\":\"https:\\\/\\\/www.revivemasajes.com\\\/home\\\/masaje-pies-sevilla\\\/#breadcrumb\"},\"inLanguage\":\"es\",\"potentialAction\":[{\"@type\":\"ReadAction\",\"target\":[\"https:\\\/\\\/www.revivemasajes.com\\\/home\\\/masaje-pies-sevilla\\\/\"]}]},{\"@type\":\"ImageObject\",\"inLanguage\":\"es\",\"@id\":\"https:\\\/\\\/www.revivemasajes.com\\\/home\\\/masaje-pies-sevilla\\\/#primaryimage\",\"url\":\"https:\\\/\\\/www.revivemasajes.com\\\/wp-content\\\/uploads\\\/2024\\\/11\\\/masaje-pies-sevilla.webp\",\"contentUrl\":\"https:\\\/\\\/www.revivemasajes.com\\\/wp-content\\\/uploads\\\/2024\\\/11\\\/masaje-pies-sevilla.webp\",\"width\":1920,\"height\":497,\"caption\":\"Detalle de un masaje de pies en Sevilla.\"},{\"@type\":\"BreadcrumbList\",\"@id\":\"https:\\\/\\\/www.revivemasajes.com\\\/home\\\/masaje-pies-sevilla\\\/#breadcrumb\",\"itemListElement\":[{\"@type\":\"ListItem\",\"position\":1,\"name\":\"Portada\",\"item\":\"https:\\\/\\\/www.revivemasajes.com\\\/home\\\/\"},{\"@type\":\"ListItem\",\"position\":2,\"name\":\"Masaje Pies Sevilla\"}]},{\"@type\":\"WebSite\",\"@id\":\"https:\\\/\\\/www.revivemasajes.com\\\/home\\\/#website\",\"url\":\"https:\\\/\\\/www.revivemasajes.com\\\/home\\\/\",\"name\":\"reVIVE Masajes Sevilla\",\"description\":\"Descanso y relajaci\u00f3n\",\"publisher\":{\"@id\":\"https:\\\/\\\/www.revivemasajes.com\\\/home\\\/#organization\"},\"potentialAction\":[{\"@type\":\"SearchAction\",\"target\":{\"@type\":\"EntryPoint\",\"urlTemplate\":\"https:\\\/\\\/www.revivemasajes.com\\\/home\\\/?s={search_term_string}\"},\"query-input\":{\"@type\":\"PropertyValueSpecification\",\"valueRequired\":true,\"valueName\":\"search_term_string\"}}],\"inLanguage\":\"es\"},{\"@type\":\"Organization\",\"@id\":\"https:\\\/\\\/www.revivemasajes.com\\\/home\\\/#organization\",\"name\":\"reVIVE Masajes Sevilla\",\"url\":\"https:\\\/\\\/www.revivemasajes.com\\\/home\\\/\",\"logo\":{\"@type\":\"ImageObject\",\"inLanguage\":\"es\",\"@id\":\"https:\\\/\\\/www.revivemasajes.com\\\/home\\\/#\\\/schema\\\/logo\\\/image\\\/\",\"url\":\"https:\\\/\\\/www.revivemasajes.com\\\/wp-content\\\/uploads\\\/2024\\\/06\\\/cropped-logo-revive.webp\",\"contentUrl\":\"https:\\\/\\\/www.revivemasajes.com\\\/wp-content\\\/uploads\\\/2024\\\/06\\\/cropped-logo-revive.webp\",\"width\":512,\"height\":512,\"caption\":\"reVIVE Masajes Sevilla\"},\"image\":{\"@id\":\"https:\\\/\\\/www.revivemasajes.com\\\/home\\\/#\\\/schema\\\/logo\\\/image\\\/\"}}]}<\/script>\n<!-- \/ Yoast SEO plugin. -->","yoast_head_json":{"title":"Masaje de Pies en Sevilla | reVIVE Masajes","description":"Masaje Pies Sevilla: Prueba la reflexolog\u00eda podal para equilibrar el cuerpo y reducir tensiones acumuladas en pies y piernas. Reserva tu cita.","robots":{"index":"index","follow":"follow","max-snippet":"max-snippet:-1","max-image-preview":"max-image-preview:large","max-video-preview":"max-video-preview:-1"},"canonical":"https:\/\/www.revivemasajes.com\/home\/masaje-pies-sevilla\/","og_locale":"es_ES","og_type":"article","og_title":"Masaje de Pies en Sevilla | reVIVE Masajes","og_description":"Masaje Pies Sevilla: Prueba la reflexolog\u00eda podal para equilibrar el cuerpo y reducir tensiones acumuladas en pies y piernas. Reserva tu cita.","og_url":"https:\/\/www.revivemasajes.com\/home\/masaje-pies-sevilla\/","og_site_name":"reVIVE Masajes Sevilla","article_modified_time":"2024-11-01T20:14:39+00:00","og_image":[{"width":1920,"height":497,"url":"https:\/\/www.revivemasajes.com\/wp-content\/uploads\/2024\/11\/masaje-pies-sevilla.webp","type":"image\/webp"}],"twitter_card":"summary_large_image","twitter_misc":{"Tiempo de lectura":"4 minutos"},"schema":{"@context":"https:\/\/schema.org","@graph":[{"@type":"WebPage","@id":"https:\/\/www.revivemasajes.com\/home\/masaje-pies-sevilla\/","url":"https:\/\/www.revivemasajes.com\/home\/masaje-pies-sevilla\/","name":"Masaje de Pies en Sevilla | reVIVE Masajes","isPartOf":{"@id":"https:\/\/www.revivemasajes.com\/home\/#website"},"primaryImageOfPage":{"@id":"https:\/\/www.revivemasajes.com\/home\/masaje-pies-sevilla\/#primaryimage"},"image":{"@id":"https:\/\/www.revivemasajes.com\/home\/masaje-pies-sevilla\/#primaryimage"},"thumbnailUrl":"https:\/\/www.revivemasajes.com\/wp-content\/uploads\/2024\/11\/masaje-pies-sevilla.webp","datePublished":"2024-11-01T18:59:03+00:00","dateModified":"2024-11-01T20:14:39+00:00","description":"Masaje Pies Sevilla: Prueba la reflexolog\u00eda podal para equilibrar el cuerpo y reducir tensiones acumuladas en pies y piernas. Reserva tu cita.","breadcrumb":{"@id":"https:\/\/www.revivemasajes.com\/home\/masaje-pies-sevilla\/#breadcrumb"},"inLanguage":"es","potentialAction":[{"@type":"ReadAction","target":["https:\/\/www.revivemasajes.com\/home\/masaje-pies-sevilla\/"]}]},{"@type":"ImageObject","inLanguage":"es","@id":"https:\/\/www.revivemasajes.com\/home\/masaje-pies-sevilla\/#primaryimage","url":"https:\/\/www.revivemasajes.com\/wp-content\/uploads\/2024\/11\/masaje-pies-sevilla.webp","contentUrl":"https:\/\/www.revivemasajes.com\/wp-content\/uploads\/2024\/11\/masaje-pies-sevilla.webp","width":1920,"height":497,"caption":"Detalle de un masaje de pies en Sevilla."},{"@type":"BreadcrumbList","@id":"https:\/\/www.revivemasajes.com\/home\/masaje-pies-sevilla\/#breadcrumb","itemListElement":[{"@type":"ListItem","position":1,"name":"Portada","item":"https:\/\/www.revivemasajes.com\/home\/"},{"@type":"ListItem","position":2,"name":"Masaje Pies Sevilla"}]},{"@type":"WebSite","@id":"https:\/\/www.revivemasajes.com\/home\/#website","url":"https:\/\/www.revivemasajes.com\/home\/","name":"reVIVE Masajes Sevilla","description":"Descanso y relajaci\u00f3n","publisher":{"@id":"https:\/\/www.revivemasajes.com\/home\/#organization"},"potentialAction":[{"@type":"SearchAction","target":{"@type":"EntryPoint","urlTemplate":"https:\/\/www.revivemasajes.com\/home\/?s={search_term_string}"},"query-input":{"@type":"PropertyValueSpecification","valueRequired":true,"valueName":"search_term_string"}}],"inLanguage":"es"},{"@type":"Organization","@id":"https:\/\/www.revivemasajes.com\/home\/#organization","name":"reVIVE Masajes Sevilla","url":"https:\/\/www.revivemasajes.com\/home\/","logo":{"@type":"ImageObject","inLanguage":"es","@id":"https:\/\/www.revivemasajes.com\/home\/#\/schema\/logo\/image\/","url":"https:\/\/www.revivemasajes.com\/wp-content\/uploads\/2024\/06\/cropped-logo-revive.webp","contentUrl":"https:\/\/www.revivemasajes.com\/wp-content\/uploads\/2024\/06\/cropped-logo-revive.webp","width":512,"height":512,"caption":"reVIVE Masajes Sevilla"},"image":{"@id":"https:\/\/www.revivemasajes.com\/home\/#\/schema\/logo\/image\/"}}]}},"_links":{"self":[{"href":"https:\/\/www.revivemasajes.com\/home\/wp-json\/wp\/v2\/pages\/634","targetHints":{"allow":["GET"]}}],"collection":[{"href":"https:\/\/www.revivemasajes.com\/home\/wp-json\/wp\/v2\/pages"}],"about":[{"href":"https:\/\/www.revivemasajes.com\/home\/wp-json\/wp\/v2\/types\/page"}],"author":[{"embeddable":true,"href":"https:\/\/www.revivemasajes.com\/home\/wp-json\/wp\/v2\/users\/2"}],"replies":[{"embeddable":true,"href":"https:\/\/www.revivemasajes.com\/home\/wp-json\/wp\/v2\/comments?post=634"}],"version-history":[{"count":13,"href":"https:\/\/www.revivemasajes.com\/home\/wp-json\/wp\/v2\/pages\/634\/revisions"}],"predecessor-version":[{"id":749,"href":"https:\/\/www.revivemasajes.com\/home\/wp-json\/wp\/v2\/pages\/634\/revisions\/749"}],"wp:featuredmedia":[{"embeddable":true,"href":"https:\/\/www.revivemasajes.com\/home\/wp-json\/wp\/v2\/media\/667"}],"wp:attachment":[{"href":"https:\/\/www.revivemasajes.com\/home\/wp-json\/wp\/v2\/media?parent=634"}],"curies":[{"name":"wp","href":"https:\/\/api.w.org\/{rel}","templated":true}]}}